{"id":1352,"date":"2024-07-06T11:04:12","date_gmt":"2024-07-06T11:04:12","guid":{"rendered":"https:\/\/bestmixdoo.hr\/products\/emulsifiers\/"},"modified":"2024-10-12T07:42:11","modified_gmt":"2024-10-12T07:42:11","slug":"emulsifiers","status":"publish","type":"page","link":"https:\/\/bestmixdoo.hr\/en\/products\/emulsifiers\/","title":{"rendered":"Emulsifiers"},"content":{"rendered":"<div  class='flex_column av-34mtf-5cb42d88001189d0eb37b5055022dcfa av_one_full  avia-builder-el-0  avia-builder-el-no-sibling  first flex_column_div  '     ><div  class='av-catalogue-container av-2oap7-d5c8b6b7cea71cd66216b81ebee9ae8e  avia-builder-el-1  avia-builder-el-no-sibling '><ul class='av-catalogue-list'>\n<li><a href=\"https:\/\/bestmixdoo.hr\/proizvodi\/emulgatori\/e-19025-a-amigo-dodatak-za-poboljsanje-emulzije-kod-polutrajnih-i-obarenih-proizvoda\/\"  class='av-catalogue-item av-289jf-4ca5d028d9e866a565ebce3275cbddba' ><div class=\"av-catalogue-item-inner\"><div class=\"av-catalogue-title-container\"><div class='av-catalogue-title'>E-19025-A AMIGO - Additive to improve the emulsion in semi-permanent and frozen products<\/div><div class='av-catalogue-price'><\/div><\/div><div class=\"av-catalogue-content\"><\/div><\/div><\/a><\/li>\n<li><a href=\"https:\/\/bestmixdoo.hr\/proizvodi\/emulgatori\/e-19027-a-amigo-specijal-dodatak-za-poboljsanje-emulzije-kod-hrenovke-bez-ovitka\/\"  class='av-catalogue-item av-lzxokxbz-db761efbd7abe3240acc9d6778e83bad' ><div class=\"av-catalogue-item-inner\"><div class=\"av-catalogue-title-container\"><div class='av-catalogue-title'>E-19027-A AMIGO SPECIAL - Additive for improving the emulsion in hot dogs without wrapper<\/div><div class='av-catalogue-price'><\/div><\/div><div class=\"av-catalogue-content\"><\/div><\/div><\/a><\/li>\n<li><a href=\"https:\/\/bestmixdoo.hr\/proizvodi\/emulgatori\/e-19020-a-emulgator-za-rostiljku\/\"  class='av-catalogue-item av-289jf-1-006c82e8a20b695b4688b4c26378eb23' ><div class=\"av-catalogue-item-inner\"><div class=\"av-catalogue-title-container\"><div class='av-catalogue-title'>E-19020-A Emulsifier for grill sausage<\/div><div class='av-catalogue-price'><\/div><\/div><div class=\"av-catalogue-content\"><\/div><\/div><\/a><\/li>\n<li><a href=\"https:\/\/bestmixdoo.hr\/proizvodi\/emulgatori\/e-19800-a-emulgator-za-cecapcice-i-pleskavice\/\"  class='av-catalogue-item av-lzvh45pj-7fbcc3f5d983bbf76078cf112bd9700b' ><div class=\"av-catalogue-item-inner\"><div class=\"av-catalogue-title-container\"><div class='av-catalogue-title'>E-19800-A Emulsifier for \u0107evap\u010di\u0107i and burgers<\/div><div class='av-catalogue-price'><\/div><\/div><div class=\"av-catalogue-content\"><\/div><\/div><\/a><\/li>\n<li><a href=\"https:\/\/bestmixdoo.hr\/proizvodi\/emulgatori\/e-19900-a-emulgator-za-trajne-salame\/\"  class='av-catalogue-item av-lzvhbmgp-374f63c844031bf024c90c99ea0bb791' ><div class=\"av-catalogue-item-inner\"><div class=\"av-catalogue-title-container\"><div class='av-catalogue-title'>E-19900-A Emulsifier for permanent products<\/div><div class='av-catalogue-price'><\/div><\/div><div class=\"av-catalogue-content\"><\/div><\/div><\/a><\/li>\n<li><a href=\"https:\/\/bestmixdoo.hr\/proizvodi\/emulgatori\/e-19133-a-oleofix-31-emulgator-za-masne-emulzije\/\"  class='av-catalogue-item av-lzxoq15h-19d5006d8682deb60ed1d2fa82aa70b0' ><div class=\"av-catalogue-item-inner\"><div class=\"av-catalogue-title-container\"><div class='av-catalogue-title'>E-19133-A OLEOFIX 31 - Emulsifier for fat emulsions<\/div><div class='av-catalogue-price'><\/div><\/div><div class=\"av-catalogue-content\"><\/div><\/div><\/a><\/li>\n<\/ul><\/div><\/div>\n","protected":false},"excerpt":{"rendered":"","protected":false},"author":1,"featured_media":0,"parent":1036,"menu_order":0,"comment_status":"closed","ping_status":"closed","template":"","meta":{"footnotes":""},"class_list":["post-1352","page","type-page","status-publish","hentry"],"yoast_head":"<!-- This site is optimized with the Yoast SEO plugin v24.2 - https:\/\/yoast.com\/wordpress\/plugins\/seo\/ -->\n<title>Emulsifiers - Bestmix<\/title>\n<meta name=\"robots\" content=\"index, follow, max-snippet:-1, max-image-preview:large, max-video-preview:-1\" \/>\n<link rel=\"canonical\" href=\"https:\/\/bestmixdoo.hr\/en\/products\/emulsifiers\/\" \/>\n<meta property=\"og:locale\" content=\"en_US\" \/>\n<meta property=\"og:type\" content=\"article\" \/>\n<meta property=\"og:title\" content=\"Emulsifiers - Bestmix\" \/>\n<meta property=\"og:url\" content=\"https:\/\/bestmixdoo.hr\/en\/products\/emulsifiers\/\" \/>\n<meta property=\"og:site_name\" content=\"Bestmix\" \/>\n<meta property=\"article:publisher\" content=\"https:\/\/www.facebook.com\/profile.php?id=100095014368117\" \/>\n<meta property=\"article:modified_time\" content=\"2024-10-12T07:42:11+00:00\" \/>\n<meta name=\"twitter:card\" content=\"summary_large_image\" \/>\n<meta name=\"twitter:label1\" content=\"Est. reading time\" \/>\n\t<meta name=\"twitter:data1\" content=\"4 minutes\" \/>\n<script type=\"application\/ld+json\" class=\"yoast-schema-graph\">{\"@context\":\"https:\/\/schema.org\",\"@graph\":[{\"@type\":\"WebPage\",\"@id\":\"https:\/\/bestmixdoo.hr\/en\/products\/emulsifiers\/\",\"url\":\"https:\/\/bestmixdoo.hr\/en\/products\/emulsifiers\/\",\"name\":\"Emulsifiers - Bestmix\",\"isPartOf\":{\"@id\":\"https:\/\/bestmixdoo.hr\/en\/#website\"},\"datePublished\":\"2024-07-06T11:04:12+00:00\",\"dateModified\":\"2024-10-12T07:42:11+00:00\",\"breadcrumb\":{\"@id\":\"https:\/\/bestmixdoo.hr\/en\/products\/emulsifiers\/#breadcrumb\"},\"inLanguage\":\"en-US\",\"potentialAction\":[{\"@type\":\"ReadAction\",\"target\":[\"https:\/\/bestmixdoo.hr\/en\/products\/emulsifiers\/\"]}]},{\"@type\":\"BreadcrumbList\",\"@id\":\"https:\/\/bestmixdoo.hr\/en\/products\/emulsifiers\/#breadcrumb\",\"itemListElement\":[{\"@type\":\"ListItem\",\"position\":1,\"name\":\"Po\u010detna stranica\",\"item\":\"https:\/\/bestmixdoo.hr\/en\/proizvodi\/\"},{\"@type\":\"ListItem\",\"position\":2,\"name\":\"Products\",\"item\":\"https:\/\/bestmixdoo.hr\/en\/\"},{\"@type\":\"ListItem\",\"position\":3,\"name\":\"Emulsifiers\"}]},{\"@type\":\"WebSite\",\"@id\":\"https:\/\/bestmixdoo.hr\/en\/#website\",\"url\":\"https:\/\/bestmixdoo.hr\/en\/\",\"name\":\"Bestmix\",\"description\":\"Bestmix d.o.o.\",\"publisher\":{\"@id\":\"https:\/\/bestmixdoo.hr\/en\/#organization\"},\"potentialAction\":[{\"@type\":\"SearchAction\",\"target\":{\"@type\":\"EntryPoint\",\"urlTemplate\":\"https:\/\/bestmixdoo.hr\/en\/?s={search_term_string}\"},\"query-input\":{\"@type\":\"PropertyValueSpecification\",\"valueRequired\":true,\"valueName\":\"search_term_string\"}}],\"inLanguage\":\"en-US\"},{\"@type\":\"Organization\",\"@id\":\"https:\/\/bestmixdoo.hr\/en\/#organization\",\"name\":\"BESTMIX d.o.o. za proizvodnju, promet i usluge \u2013 proizvodnja za\u010dina i drugih dodataka hrani\",\"url\":\"https:\/\/bestmixdoo.hr\/en\/\",\"logo\":{\"@type\":\"ImageObject\",\"inLanguage\":\"en-US\",\"@id\":\"https:\/\/bestmixdoo.hr\/en\/#\/schema\/logo\/image\/\",\"url\":\"https:\/\/bestmixdoo.hr\/wp-content\/uploads\/2024\/08\/bestmix-logo@1x.png\",\"contentUrl\":\"https:\/\/bestmixdoo.hr\/wp-content\/uploads\/2024\/08\/bestmix-logo@1x.png\",\"width\":709,\"height\":325,\"caption\":\"BESTMIX d.o.o. za proizvodnju, promet i usluge \u2013 proizvodnja za\u010dina i drugih dodataka hrani\"},\"image\":{\"@id\":\"https:\/\/bestmixdoo.hr\/en\/#\/schema\/logo\/image\/\"},\"sameAs\":[\"https:\/\/www.facebook.com\/profile.php?id=100095014368117\",\"https:\/\/www.instagram.com\/carobnjak_zacina\/\"]}]}<\/script>\n<!-- \/ Yoast SEO plugin. -->","yoast_head_json":{"title":"Emulsifiers - Bestmix","robots":{"index":"index","follow":"follow","max-snippet":"max-snippet:-1","max-image-preview":"max-image-preview:large","max-video-preview":"max-video-preview:-1"},"canonical":"https:\/\/bestmixdoo.hr\/en\/products\/emulsifiers\/","og_locale":"en_US","og_type":"article","og_title":"Emulsifiers - Bestmix","og_url":"https:\/\/bestmixdoo.hr\/en\/products\/emulsifiers\/","og_site_name":"Bestmix","article_publisher":"https:\/\/www.facebook.com\/profile.php?id=100095014368117","article_modified_time":"2024-10-12T07:42:11+00:00","twitter_card":"summary_large_image","twitter_misc":{"Est. reading time":"4 minutes"},"schema":{"@context":"https:\/\/schema.org","@graph":[{"@type":"WebPage","@id":"https:\/\/bestmixdoo.hr\/en\/products\/emulsifiers\/","url":"https:\/\/bestmixdoo.hr\/en\/products\/emulsifiers\/","name":"Emulsifiers - Bestmix","isPartOf":{"@id":"https:\/\/bestmixdoo.hr\/en\/#website"},"datePublished":"2024-07-06T11:04:12+00:00","dateModified":"2024-10-12T07:42:11+00:00","breadcrumb":{"@id":"https:\/\/bestmixdoo.hr\/en\/products\/emulsifiers\/#breadcrumb"},"inLanguage":"en-US","potentialAction":[{"@type":"ReadAction","target":["https:\/\/bestmixdoo.hr\/en\/products\/emulsifiers\/"]}]},{"@type":"BreadcrumbList","@id":"https:\/\/bestmixdoo.hr\/en\/products\/emulsifiers\/#breadcrumb","itemListElement":[{"@type":"ListItem","position":1,"name":"Po\u010detna stranica","item":"https:\/\/bestmixdoo.hr\/en\/proizvodi\/"},{"@type":"ListItem","position":2,"name":"Products","item":"https:\/\/bestmixdoo.hr\/en\/"},{"@type":"ListItem","position":3,"name":"Emulsifiers"}]},{"@type":"WebSite","@id":"https:\/\/bestmixdoo.hr\/en\/#website","url":"https:\/\/bestmixdoo.hr\/en\/","name":"Bestmix","description":"Bestmix d.o.o.","publisher":{"@id":"https:\/\/bestmixdoo.hr\/en\/#organization"},"potentialAction":[{"@type":"SearchAction","target":{"@type":"EntryPoint","urlTemplate":"https:\/\/bestmixdoo.hr\/en\/?s={search_term_string}"},"query-input":{"@type":"PropertyValueSpecification","valueRequired":true,"valueName":"search_term_string"}}],"inLanguage":"en-US"},{"@type":"Organization","@id":"https:\/\/bestmixdoo.hr\/en\/#organization","name":"BESTMIX d.o.o. za proizvodnju, promet i usluge \u2013 proizvodnja za\u010dina i drugih dodataka hrani","url":"https:\/\/bestmixdoo.hr\/en\/","logo":{"@type":"ImageObject","inLanguage":"en-US","@id":"https:\/\/bestmixdoo.hr\/en\/#\/schema\/logo\/image\/","url":"https:\/\/bestmixdoo.hr\/wp-content\/uploads\/2024\/08\/bestmix-logo@1x.png","contentUrl":"https:\/\/bestmixdoo.hr\/wp-content\/uploads\/2024\/08\/bestmix-logo@1x.png","width":709,"height":325,"caption":"BESTMIX d.o.o. za proizvodnju, promet i usluge \u2013 proizvodnja za\u010dina i drugih dodataka hrani"},"image":{"@id":"https:\/\/bestmixdoo.hr\/en\/#\/schema\/logo\/image\/"},"sameAs":["https:\/\/www.facebook.com\/profile.php?id=100095014368117","https:\/\/www.instagram.com\/carobnjak_zacina\/"]}]}},"_links":{"self":[{"href":"https:\/\/bestmixdoo.hr\/en\/wp-json\/wp\/v2\/pages\/1352","targetHints":{"allow":["GET"]}}],"collection":[{"href":"https:\/\/bestmixdoo.hr\/en\/wp-json\/wp\/v2\/pages"}],"about":[{"href":"https:\/\/bestmixdoo.hr\/en\/wp-json\/wp\/v2\/types\/page"}],"author":[{"embeddable":true,"href":"https:\/\/bestmixdoo.hr\/en\/wp-json\/wp\/v2\/users\/1"}],"replies":[{"embeddable":true,"href":"https:\/\/bestmixdoo.hr\/en\/wp-json\/wp\/v2\/comments?post=1352"}],"version-history":[{"count":3,"href":"https:\/\/bestmixdoo.hr\/en\/wp-json\/wp\/v2\/pages\/1352\/revisions"}],"predecessor-version":[{"id":1365,"href":"https:\/\/bestmixdoo.hr\/en\/wp-json\/wp\/v2\/pages\/1352\/revisions\/1365"}],"up":[{"embeddable":true,"href":"https:\/\/bestmixdoo.hr\/en\/wp-json\/wp\/v2\/pages\/1036"}],"wp:attachment":[{"href":"https:\/\/bestmixdoo.hr\/en\/wp-json\/wp\/v2\/media?parent=1352"}],"curies":[{"name":"wp","href":"https:\/\/api.w.org\/{rel}","templated":true}]}}